{"id":248,"date":"2024-12-17T14:20:28","date_gmt":"2024-12-17T13:20:28","guid":{"rendered":"https:\/\/aszarchitetti.com\/?page_id=248"},"modified":"2025-11-08T08:54:18","modified_gmt":"2025-11-08T07:54:18","slug":"ingegneria-e-progettazione","status":"publish","type":"page","link":"https:\/\/aszarchitetti.com\/it\/servizi\/ingegneria-e-progettazione\/","title":{"rendered":"Ingegneria e Progettazione"},"content":{"rendered":"<div class=\"wpb-content-wrapper\"><p>[vc_row css_animation=&#8221;fadeInUp&#8221;][vc_column css=&#8221;.vc_custom_1738849517911{margin-bottom: 0px !important;}&#8221;][vc_column_text css=&#8221;&#8221;]Per ASZ architetti il design \u00e8 pi\u00f9 che un lavoro: \u00e8 la nostra passione.<\/p>\n<p>L\u2019integrazione di architettura ed ingegneria \u00e8 la nostra ricetta per il successo.<\/p>\n<p>Dal primo concepimento fino all\u2019esecuzione, conosciamo il processo che sta dietro a progetti visionari.<\/p>\n<p>Che si tratti di retail di lusso, o residenze o, ancora, sviluppi commerciali, combiniamo precisione tecnica con sensibilit\u00e0 artistica, per far s\u00ec che ogni progetto sia una sintesi perfetta di estetica innovazione e sostenibilit\u00e0.[\/vc_column_text][\/vc_column][\/vc_row][vc_row gap=&#8221;30&#8243; equal_height=&#8221;yes&#8221; css_animation=&#8221;fadeInDown&#8221; css=&#8221;.vc_custom_1741631305200{padding-right: 15px !important;padding-left: 15px !important;}&#8221;][vc_column width=&#8221;1\/2&#8243; css=&#8221;.vc_custom_1741630630349{margin-top: 0px !important;margin-right: 0px !important;margin-bottom: 0px !important;margin-left: 0px !important;padding-top: 30px !important;padding-right: 30px !important;padding-bottom: 30px !important;padding-left: 30px !important;}&#8221; el_class=&#8221;gradient1&#8243;][vc_custom_heading text=&#8221;Due Diligence&#8221; font_container=&#8221;tag:h2|text_align:left|color:%23FFFFFF&#8221; use_theme_fonts=&#8221;yes&#8221; css=&#8221;.vc_custom_1758530160260{margin-top: 0px !important;margin-bottom: 15px !important;}&#8221;][vc_column_text css=&#8221;.vc_custom_1758546873828{margin-bottom: 0px !important;}&#8221; el_class=&#8221;text-white&#8221;]<\/p>\n<ul>\n<li>Studi di fattibilit\u00e0<\/li>\n<li>Verifica documenti amministrativi<\/li>\n<li>Ispezione preliminare del sito<\/li>\n<\/ul>\n<p>[\/vc_column_text][vc_column_text css=&#8221;&#8221; el_class=&#8221;bignumber&#8221;]1[\/vc_column_text][\/vc_column][vc_column width=&#8221;1\/2&#8243; css=&#8221;.vc_custom_1741630644341{margin: 0px !important;padding: 30px !important;}&#8221; el_class=&#8221;gradient1&#8243;][vc_custom_heading text=&#8221;RESPONSABILE DELLA DOCUMENTAIZONE&#8221; font_container=&#8221;tag:h2|text_align:left|color:%23FFFFFF&#8221; use_theme_fonts=&#8221;yes&#8221; css=&#8221;.vc_custom_1758546888121{margin-top: 0px !important;margin-bottom: 15px !important;}&#8221;][vc_column_text css=&#8221;.vc_custom_1762588069374{margin-bottom: 0px !important;}&#8221; el_class=&#8221;text-white&#8221;]<\/p>\n<ul>\n<li>Autorizzazioni e pratiche edilizie<\/li>\n<li>Presentazione elaborati progettuali<\/li>\n<li>Verifica di conformit\u00e0<\/li>\n<\/ul>\n<p>[\/vc_column_text][vc_column_text css=&#8221;&#8221; el_class=&#8221;bignumber&#8221;]2[\/vc_column_text][\/vc_column][\/vc_row][vc_row gap=&#8221;30&#8243; equal_height=&#8221;yes&#8221; css_animation=&#8221;fadeInDown&#8221; css=&#8221;.vc_custom_1741631305200{padding-right: 15px !important;padding-left: 15px !important;}&#8221;][vc_column css=&#8221;.vc_custom_1741630630349{margin-top: 0px !important;margin-right: 0px !important;margin-bottom: 0px !important;margin-left: 0px !important;padding-top: 30px !important;padding-right: 30px !important;padding-bottom: 30px !important;padding-left: 30px !important;}&#8221; el_class=&#8221;gradient1&#8243;][vc_custom_heading text=&#8221;PROGETTAZIONE INTEGRATA&#8221; font_container=&#8221;tag:h2|text_align:left|color:%23FFFFFF&#8221; use_theme_fonts=&#8221;yes&#8221; css=&#8221;.vc_custom_1758546913484{margin-top: 0px !important;margin-bottom: 15px !important;}&#8221;][vc_column_text css=&#8221;.vc_custom_1758546922292{margin-bottom: 0px !important;}&#8221; el_class=&#8221;text-white&#8221;]<em>Computer Aided-Design (CAD) &amp; Building Information Modeling (BIM)<\/em>[\/vc_column_text][vc_row_inner equal_height=&#8221;yes&#8221; gap=&#8221;15&#8243; css=&#8221;.vc_custom_1758530675169{padding-right: 15px !important;padding-left: 15px !important;}&#8221;][vc_column_inner el_class=&#8221;ov-hidden&#8221; width=&#8221;1\/2&#8243; css=&#8221;.vc_custom_1758530835401{margin-top: 15px !important;border-top-width: 1px !important;border-right-width: 1px !important;border-bottom-width: 1px !important;border-left-width: 1px !important;padding-right: 20px !important;padding-bottom: 30px !important;padding-left: 20px !important;border-left-style: solid !important;border-right-style: solid !important;border-top-style: solid !important;border-bottom-style: solid !important;border-color: #FFFFFF !important;}&#8221;][vc_custom_heading text=&#8221;ARCHITETTURA&#8221; font_container=&#8221;tag:h2|text_align:left|color:%23FFFFFF&#8221; use_theme_fonts=&#8221;yes&#8221; css=&#8221;.vc_custom_1758546928550{margin-top: 0px !important;margin-bottom: 15px !important;}&#8221;][vc_column_text css=&#8221;.vc_custom_1762588361161{margin-bottom: 0px !important;}&#8221; el_class=&#8221;text-white&#8221;]<\/p>\n<ul>\n<li>Progettazione architettonica<\/li>\n<li>Progettazione di interni<\/li>\n<li>FF&amp;E: Mobili, Finiture, Attrezzature<\/li>\n<li>Progettazione illuminotecnica<\/li>\n<li>Progettazione degli spazi esterni<\/li>\n<li>Progettazione integrata<\/li>\n<\/ul>\n<p>[\/vc_column_text][\/vc_column_inner][vc_column_inner width=&#8221;1\/2&#8243; css=&#8221;.vc_custom_1758530780248{margin-top: 15px !important;border-top-width: 1px !important;border-right-width: 1px !important;border-bottom-width: 1px !important;border-left-width: 1px !important;padding-right: 20px !important;padding-bottom: 30px !important;padding-left: 20px !important;border-left-style: solid !important;border-right-style: solid !important;border-top-style: solid !important;border-bottom-style: solid !important;border-color: #FFFFFF !important;}&#8221;][vc_custom_heading text=&#8221;INGEGNERIA&#8221; font_container=&#8221;tag:h2|text_align:left|color:%23FFFFFF&#8221; use_theme_fonts=&#8221;yes&#8221; css=&#8221;.vc_custom_1758546985727{margin-top: 0px !important;margin-bottom: 15px !important;}&#8221;][vc_column_text css=&#8221;.vc_custom_1762588450139{margin-bottom: 0px !important;}&#8221; el_class=&#8221;text-white&#8221;]<\/p>\n<ul>\n<li>Progettazione impianti (MEP)<\/li>\n<li>Progettazione strutturale<\/li>\n<li>Progettazione anti-incendio<\/li>\n<li>Progettazione acustica<\/li>\n<li>Impianti Audio\/Video e Domotica<\/li>\n<li>Certificazione ambientale<\/li>\n<\/ul>\n<p>[\/vc_column_text][\/vc_column_inner][\/vc_row_inner][vc_column_text css=&#8221;&#8221; el_class=&#8221;bignumber&#8221;]3[\/vc_column_text][\/vc_column][\/vc_row]<\/p>\n<\/div>","protected":false},"excerpt":{"rendered":"<p>[vc_row css_animation=&#8221;fadeInUp&#8221;][vc_column css=&#8221;.vc_custom_1738849517911{margin-bottom: 0px !important;}&#8221;][vc_column_text css=&#8221;&#8221;]Per ASZ architetti il design \u00e8 pi\u00f9 che un lavoro: \u00e8 la nostra passione. L\u2019integrazione di architettura ed ingegneria \u00e8 la nostra ricetta per il successo. Dal primo concepimento fino all\u2019esecuzione, conosciamo il processo che sta dietro a progetti visionari. Che si tratti di retail di lusso, o residenze o, [&hellip;]<\/p>\n","protected":false},"author":1,"featured_media":1803,"parent":2,"menu_order":33,"comment_status":"closed","ping_status":"closed","template":"page-templates\/sezione.php","meta":{"_acf_changed":false,"footnotes":""},"class_list":["post-248","page","type-page","status-publish","has-post-thumbnail","hentry"],"acf":[],"yoast_head":"<!-- This site is optimized with the Yoast SEO plugin v26.4 - https:\/\/yoast.com\/wordpress\/plugins\/seo\/ -->\n<title>Ingegneria e Progettazione | ASZarchitetti<\/title>\n<meta name=\"robots\" content=\"index, follow, max-snippet:-1, max-image-preview:large, max-video-preview:-1\" \/>\n<link rel=\"canonical\" href=\"https:\/\/aszarchitetti.com\/services\/engineering-and-design-development\/\" \/>\n<meta property=\"og:locale\" content=\"it_IT\" \/>\n<meta property=\"og:type\" content=\"article\" \/>\n<meta property=\"og:title\" content=\"Ingegneria e Progettazione | ASZarchitetti\" \/>\n<meta property=\"og:description\" content=\"[vc_row css_animation=&#8221;fadeInUp&#8221;][vc_column css=&#8221;.vc_custom_1738849517911{margin-bottom: 0px !important;}&#8221;][vc_column_text css=&#8221;&#8221;]Per ASZ architetti il design \u00e8 pi\u00f9 che un lavoro: \u00e8 la nostra passione. L\u2019integrazione di architettura ed ingegneria \u00e8 la nostra ricetta per il successo. Dal primo concepimento fino all\u2019esecuzione, conosciamo il processo che sta dietro a progetti visionari. Che si tratti di retail di lusso, o residenze o, [&hellip;]\" \/>\n<meta property=\"og:url\" content=\"https:\/\/aszarchitetti.com\/services\/engineering-and-design-development\/\" \/>\n<meta property=\"og:site_name\" content=\"ASZarchitetti\" \/>\n<meta property=\"article:modified_time\" content=\"2025-11-08T07:54:18+00:00\" \/>\n<meta property=\"og:image\" content=\"https:\/\/aszarchitetti.com\/wp-content\/uploads\/2025\/08\/Design-Development-interno2.jpg\" \/>\n\t<meta property=\"og:image:width\" content=\"1920\" \/>\n\t<meta property=\"og:image:height\" content=\"590\" \/>\n\t<meta property=\"og:image:type\" content=\"image\/jpeg\" \/>\n<meta name=\"twitter:card\" content=\"summary_large_image\" \/>\n<script type=\"application\/ld+json\" class=\"yoast-schema-graph\">{\"@context\":\"https:\/\/schema.org\",\"@graph\":[{\"@type\":\"WebPage\",\"@id\":\"https:\/\/aszarchitetti.com\/services\/engineering-and-design-development\/\",\"url\":\"https:\/\/aszarchitetti.com\/services\/engineering-and-design-development\/\",\"name\":\"Ingegneria e Progettazione | ASZarchitetti\",\"isPartOf\":{\"@id\":\"https:\/\/aszarchitetti.com\/#website\"},\"primaryImageOfPage\":{\"@id\":\"https:\/\/aszarchitetti.com\/services\/engineering-and-design-development\/#primaryimage\"},\"image\":{\"@id\":\"https:\/\/aszarchitetti.com\/services\/engineering-and-design-development\/#primaryimage\"},\"thumbnailUrl\":\"https:\/\/aszarchitetti.com\/wp-content\/uploads\/2025\/08\/Design-Development-interno2.jpg\",\"datePublished\":\"2024-12-17T13:20:28+00:00\",\"dateModified\":\"2025-11-08T07:54:18+00:00\",\"breadcrumb\":{\"@id\":\"https:\/\/aszarchitetti.com\/services\/engineering-and-design-development\/#breadcrumb\"},\"inLanguage\":\"it-IT\",\"potentialAction\":[{\"@type\":\"ReadAction\",\"target\":[\"https:\/\/aszarchitetti.com\/services\/engineering-and-design-development\/\"]}]},{\"@type\":\"ImageObject\",\"inLanguage\":\"it-IT\",\"@id\":\"https:\/\/aszarchitetti.com\/services\/engineering-and-design-development\/#primaryimage\",\"url\":\"https:\/\/aszarchitetti.com\/wp-content\/uploads\/2025\/08\/Design-Development-interno2.jpg\",\"contentUrl\":\"https:\/\/aszarchitetti.com\/wp-content\/uploads\/2025\/08\/Design-Development-interno2.jpg\",\"width\":1920,\"height\":590},{\"@type\":\"BreadcrumbList\",\"@id\":\"https:\/\/aszarchitetti.com\/services\/engineering-and-design-development\/#breadcrumb\",\"itemListElement\":[{\"@type\":\"ListItem\",\"position\":1,\"name\":\"Home\",\"item\":\"https:\/\/aszarchitetti.com\/it\/\"},{\"@type\":\"ListItem\",\"position\":2,\"name\":\"Servizi\",\"item\":\"https:\/\/aszarchitetti.com\/it\/servizi\/\"},{\"@type\":\"ListItem\",\"position\":3,\"name\":\"Ingegneria e Progettazione\"}]},{\"@type\":\"WebSite\",\"@id\":\"https:\/\/aszarchitetti.com\/#website\",\"url\":\"https:\/\/aszarchitetti.com\/\",\"name\":\"ASZarchitetti\",\"description\":\"Ingegneria e Project Management\",\"potentialAction\":[{\"@type\":\"SearchAction\",\"target\":{\"@type\":\"EntryPoint\",\"urlTemplate\":\"https:\/\/aszarchitetti.com\/?s={search_term_string}\"},\"query-input\":{\"@type\":\"PropertyValueSpecification\",\"valueRequired\":true,\"valueName\":\"search_term_string\"}}],\"inLanguage\":\"it-IT\"}]}<\/script>\n<!-- \/ Yoast SEO plugin. -->","yoast_head_json":{"title":"Ingegneria e Progettazione | ASZarchitetti","robots":{"index":"index","follow":"follow","max-snippet":"max-snippet:-1","max-image-preview":"max-image-preview:large","max-video-preview":"max-video-preview:-1"},"canonical":"https:\/\/aszarchitetti.com\/services\/engineering-and-design-development\/","og_locale":"it_IT","og_type":"article","og_title":"Ingegneria e Progettazione | ASZarchitetti","og_description":"[vc_row css_animation=&#8221;fadeInUp&#8221;][vc_column css=&#8221;.vc_custom_1738849517911{margin-bottom: 0px !important;}&#8221;][vc_column_text css=&#8221;&#8221;]Per ASZ architetti il design \u00e8 pi\u00f9 che un lavoro: \u00e8 la nostra passione. L\u2019integrazione di architettura ed ingegneria \u00e8 la nostra ricetta per il successo. Dal primo concepimento fino all\u2019esecuzione, conosciamo il processo che sta dietro a progetti visionari. Che si tratti di retail di lusso, o residenze o, [&hellip;]","og_url":"https:\/\/aszarchitetti.com\/services\/engineering-and-design-development\/","og_site_name":"ASZarchitetti","article_modified_time":"2025-11-08T07:54:18+00:00","og_image":[{"width":1920,"height":590,"url":"https:\/\/aszarchitetti.com\/wp-content\/uploads\/2025\/08\/Design-Development-interno2.jpg","type":"image\/jpeg"}],"twitter_card":"summary_large_image","schema":{"@context":"https:\/\/schema.org","@graph":[{"@type":"WebPage","@id":"https:\/\/aszarchitetti.com\/services\/engineering-and-design-development\/","url":"https:\/\/aszarchitetti.com\/services\/engineering-and-design-development\/","name":"Ingegneria e Progettazione | ASZarchitetti","isPartOf":{"@id":"https:\/\/aszarchitetti.com\/#website"},"primaryImageOfPage":{"@id":"https:\/\/aszarchitetti.com\/services\/engineering-and-design-development\/#primaryimage"},"image":{"@id":"https:\/\/aszarchitetti.com\/services\/engineering-and-design-development\/#primaryimage"},"thumbnailUrl":"https:\/\/aszarchitetti.com\/wp-content\/uploads\/2025\/08\/Design-Development-interno2.jpg","datePublished":"2024-12-17T13:20:28+00:00","dateModified":"2025-11-08T07:54:18+00:00","breadcrumb":{"@id":"https:\/\/aszarchitetti.com\/services\/engineering-and-design-development\/#breadcrumb"},"inLanguage":"it-IT","potentialAction":[{"@type":"ReadAction","target":["https:\/\/aszarchitetti.com\/services\/engineering-and-design-development\/"]}]},{"@type":"ImageObject","inLanguage":"it-IT","@id":"https:\/\/aszarchitetti.com\/services\/engineering-and-design-development\/#primaryimage","url":"https:\/\/aszarchitetti.com\/wp-content\/uploads\/2025\/08\/Design-Development-interno2.jpg","contentUrl":"https:\/\/aszarchitetti.com\/wp-content\/uploads\/2025\/08\/Design-Development-interno2.jpg","width":1920,"height":590},{"@type":"BreadcrumbList","@id":"https:\/\/aszarchitetti.com\/services\/engineering-and-design-development\/#breadcrumb","itemListElement":[{"@type":"ListItem","position":1,"name":"Home","item":"https:\/\/aszarchitetti.com\/it\/"},{"@type":"ListItem","position":2,"name":"Servizi","item":"https:\/\/aszarchitetti.com\/it\/servizi\/"},{"@type":"ListItem","position":3,"name":"Ingegneria e Progettazione"}]},{"@type":"WebSite","@id":"https:\/\/aszarchitetti.com\/#website","url":"https:\/\/aszarchitetti.com\/","name":"ASZarchitetti","description":"Ingegneria e Project Management","potentialAction":[{"@type":"SearchAction","target":{"@type":"EntryPoint","urlTemplate":"https:\/\/aszarchitetti.com\/?s={search_term_string}"},"query-input":{"@type":"PropertyValueSpecification","valueRequired":true,"valueName":"search_term_string"}}],"inLanguage":"it-IT"}]}},"_links":{"self":[{"href":"https:\/\/aszarchitetti.com\/it\/wp-json\/wp\/v2\/pages\/248","targetHints":{"allow":["GET"]}}],"collection":[{"href":"https:\/\/aszarchitetti.com\/it\/wp-json\/wp\/v2\/pages"}],"about":[{"href":"https:\/\/aszarchitetti.com\/it\/wp-json\/wp\/v2\/types\/page"}],"author":[{"embeddable":true,"href":"https:\/\/aszarchitetti.com\/it\/wp-json\/wp\/v2\/users\/1"}],"replies":[{"embeddable":true,"href":"https:\/\/aszarchitetti.com\/it\/wp-json\/wp\/v2\/comments?post=248"}],"version-history":[{"count":26,"href":"https:\/\/aszarchitetti.com\/it\/wp-json\/wp\/v2\/pages\/248\/revisions"}],"predecessor-version":[{"id":3408,"href":"https:\/\/aszarchitetti.com\/it\/wp-json\/wp\/v2\/pages\/248\/revisions\/3408"}],"up":[{"embeddable":true,"href":"https:\/\/aszarchitetti.com\/it\/wp-json\/wp\/v2\/pages\/2"}],"wp:featuredmedia":[{"embeddable":true,"href":"https:\/\/aszarchitetti.com\/it\/wp-json\/wp\/v2\/media\/1803"}],"wp:attachment":[{"href":"https:\/\/aszarchitetti.com\/it\/wp-json\/wp\/v2\/media?parent=248"}],"curies":[{"name":"wp","href":"https:\/\/api.w.org\/{rel}","templated":true}]}}