{"id":252,"date":"2024-12-17T14:21:06","date_gmt":"2024-12-17T13:21:06","guid":{"rendered":"https:\/\/aszarchitetti.com\/?page_id=252"},"modified":"2025-11-08T09:00:49","modified_gmt":"2025-11-08T08:00:49","slug":"supervisione-lavori","status":"publish","type":"page","link":"https:\/\/aszarchitetti.com\/it\/servizi\/supervisione-lavori\/","title":{"rendered":"Supervisione lavori"},"content":{"rendered":"<div class=\"wpb-content-wrapper\"><p>[vc_row css_animation=&#8221;fadeInUp&#8221;][vc_column css=&#8221;.vc_custom_1738849517911{margin-bottom: 0px !important;}&#8221;][vc_column_text css=&#8221;&#8221;]La nostra direzione lavori assicura che ogni progetto sia realizzato con precisione e in conformit\u00e0 ai massimi criteri di qualit\u00e0 ed efficienza.<\/p>\n<p>Perfezionato in 25 anni di attivit\u00e0, il metodo di ASZ architetti \u00e8 diventato lo standard nel settore, garantendo pieno controllo su tempi, conformit\u00e0 normativa e qualit\u00e0 di esecuzione.<\/p>\n<p>Sia nella direzione di boutiques di lusso, che nella supervisione di grandi complessi commerciali, offriamo trasparenza, controllo e massima qualit\u00e0 in ogni fase costruttiva.[\/vc_column_text][\/vc_column][\/vc_row][vc_row gap=&#8221;30&#8243; equal_height=&#8221;yes&#8221; css_animation=&#8221;fadeInDown&#8221; css=&#8221;.vc_custom_1741631305200{padding-right: 15px !important;padding-left: 15px !important;}&#8221;][vc_column width=&#8221;1\/2&#8243; css=&#8221;.vc_custom_1741630630349{margin-top: 0px !important;margin-right: 0px !important;margin-bottom: 0px !important;margin-left: 0px !important;padding-top: 30px !important;padding-right: 30px !important;padding-bottom: 30px !important;padding-left: 30px !important;}&#8221; el_class=&#8221;gradient1&#8243;][vc_custom_heading text=&#8221;GESTIONE DELLA GARA DI APPALTO&#8221; font_container=&#8221;tag:h2|text_align:left|color:%23FFFFFF&#8221; use_theme_fonts=&#8221;yes&#8221; css=&#8221;.vc_custom_1758547379830{margin-top: 0px !important;margin-bottom: 15px !important;}&#8221;][vc_column_text css=&#8221;.vc_custom_1762588511012{margin-bottom: 0px !important;}&#8221; el_class=&#8221;text-white&#8221;]<\/p>\n<ul>\n<li>Elaborazione del pacchetto di gara per i lavori edilizi e di ingegneria<\/li>\n<li>Risposta alle richieste di chiarimento<\/li>\n<li>Offerte<\/li>\n<li>Aggiudicazione dei contratti per i lavori edilizi e di ingegneria<\/li>\n<\/ul>\n<p>[\/vc_column_text][vc_column_text css=&#8221;&#8221; el_class=&#8221;bignumber&#8221;]1[\/vc_column_text][\/vc_column][vc_column width=&#8221;1\/2&#8243; css=&#8221;.vc_custom_1741630644341{margin: 0px !important;padding: 30px !important;}&#8221; el_class=&#8221;gradient1&#8243;][vc_custom_heading text=&#8221;FASE PRE-COSTRUTTIVA&#8221; font_container=&#8221;tag:h2|text_align:left|color:%23FFFFFF&#8221; use_theme_fonts=&#8221;yes&#8221; css=&#8221;.vc_custom_1758547409296{margin-top: 0px !important;margin-bottom: 15px !important;}&#8221;][vc_column_text css=&#8221;.vc_custom_1762588580137{margin-bottom: 0px !important;}&#8221; el_class=&#8221;text-white&#8221;]<\/p>\n<ul>\n<li>Ispezione preliminare del cantiere e del budget<\/li>\n<li>Individuazione del team di fase<\/li>\n<li>Realizzazione e verifica dei disegni costruttivi<\/li>\n<li>Pianificazione delle fasi di costruzione<\/li>\n<li>Ottenimento dei permessi edilizi<\/li>\n<\/ul>\n<p>[\/vc_column_text][vc_column_text css=&#8221;&#8221; el_class=&#8221;bignumber&#8221;]2[\/vc_column_text][\/vc_column][\/vc_row][vc_row gap=&#8221;30&#8243; equal_height=&#8221;yes&#8221; css_animation=&#8221;fadeInDown&#8221; css=&#8221;.vc_custom_1741631305200{padding-right: 15px !important;padding-left: 15px !important;}&#8221;][vc_column width=&#8221;1\/2&#8243; css=&#8221;.vc_custom_1741630630349{margin-top: 0px !important;margin-right: 0px !important;margin-bottom: 0px !important;margin-left: 0px !important;padding-top: 30px !important;padding-right: 30px !important;padding-bottom: 30px !important;padding-left: 30px !important;}&#8221; el_class=&#8221;gradient1&#8243;][vc_custom_heading text=&#8221;DIREZIONE E SUPERVISIONE DI CANTIERE&#8221; font_container=&#8221;tag:h2|text_align:left|color:%23FFFFFF&#8221; use_theme_fonts=&#8221;yes&#8221; css=&#8221;.vc_custom_1758547450018{margin-top: 0px !important;margin-bottom: 15px !important;}&#8221;][vc_column_text css=&#8221;.vc_custom_1758547481024{margin-bottom: 0px !important;}&#8221; el_class=&#8221;text-white&#8221;]<\/p>\n<ul>\n<li>Direzione dei lavori per:\n<ul>\n<li>Architettura<\/li>\n<li>Strutture<\/li>\n<li>Impianti e sistema antincendio<\/li>\n<\/ul>\n<\/li>\n<li>Gestione della sicurezza<\/li>\n<li>Coordinamento delle imprese esecutrici<\/li>\n<li>Organizzazione delle riunioni settimanali con le imprese ed i tecnici coinvolti<\/li>\n<li>Gestione delle variazioni degli ordini<\/li>\n<\/ul>\n<p>[\/vc_column_text][vc_column_text css=&#8221;&#8221; el_class=&#8221;bignumber&#8221;]3[\/vc_column_text][\/vc_column][vc_column width=&#8221;1\/2&#8243; css=&#8221;.vc_custom_1741630644341{margin: 0px !important;padding: 30px !important;}&#8221; el_class=&#8221;gradient1&#8243;][vc_custom_heading text=&#8221;CHIUSURA E CONSEGNA AL CLIENTE&#8221; font_container=&#8221;tag:h2|text_align:left|color:%23FFFFFF&#8221; use_theme_fonts=&#8221;yes&#8221; css=&#8221;.vc_custom_1758547492566{margin-top: 0px !important;margin-bottom: 15px !important;}&#8221;][vc_column_text css=&#8221;.vc_custom_1762588834680{margin-bottom: 0px !important;}&#8221; el_class=&#8221;text-white&#8221;]<\/p>\n<ul>\n<li>Collaudo strutture e messa in servizio degli impianti<\/li>\n<li>Gestione delle ispezioni di legge<\/li>\n<li>Lista dei difetti e delle anomalie<\/li>\n<li>Correzione dei difetti<\/li>\n<li>Raccolta dei certificati di completamento e conformit\u00e0<\/li>\n<li>Raccolta dei manuali operativi e di manutenzione (O&amp;M)<\/li>\n<li>Raccolta dei disegni as-built (costruito)<\/li>\n<li>Consegna al cliente<\/li>\n<\/ul>\n<p>[\/vc_column_text][vc_column_text css=&#8221;&#8221; el_class=&#8221;bignumber&#8221;]4[\/vc_column_text][\/vc_column][\/vc_row]<\/p>\n<\/div>","protected":false},"excerpt":{"rendered":"<p>[vc_row css_animation=&#8221;fadeInUp&#8221;][vc_column css=&#8221;.vc_custom_1738849517911{margin-bottom: 0px !important;}&#8221;][vc_column_text css=&#8221;&#8221;]La nostra direzione lavori assicura che ogni progetto sia realizzato con precisione e in conformit\u00e0 ai massimi criteri di qualit\u00e0 ed efficienza. Perfezionato in 25 anni di attivit\u00e0, il metodo di ASZ architetti \u00e8 diventato lo standard nel settore, garantendo pieno controllo su tempi, conformit\u00e0 normativa e qualit\u00e0 di esecuzione. [&hellip;]<\/p>\n","protected":false},"author":1,"featured_media":1805,"parent":2,"menu_order":34,"comment_status":"closed","ping_status":"closed","template":"page-templates\/sezione.php","meta":{"_acf_changed":false,"footnotes":""},"class_list":["post-252","page","type-page","status-publish","has-post-thumbnail","hentry"],"acf":[],"yoast_head":"<!-- This site is optimized with the Yoast SEO plugin v26.4 - https:\/\/yoast.com\/wordpress\/plugins\/seo\/ -->\n<title>Supervisione lavori | ASZarchitetti<\/title>\n<meta name=\"robots\" content=\"index, follow, max-snippet:-1, max-image-preview:large, max-video-preview:-1\" \/>\n<link rel=\"canonical\" href=\"https:\/\/aszarchitetti.com\/services\/supervision-of-work\/\" \/>\n<meta property=\"og:locale\" content=\"it_IT\" \/>\n<meta property=\"og:type\" content=\"article\" \/>\n<meta property=\"og:title\" content=\"Supervisione lavori | ASZarchitetti\" \/>\n<meta property=\"og:description\" content=\"[vc_row css_animation=&#8221;fadeInUp&#8221;][vc_column css=&#8221;.vc_custom_1738849517911{margin-bottom: 0px !important;}&#8221;][vc_column_text css=&#8221;&#8221;]La nostra direzione lavori assicura che ogni progetto sia realizzato con precisione e in conformit\u00e0 ai massimi criteri di qualit\u00e0 ed efficienza. Perfezionato in 25 anni di attivit\u00e0, il metodo di ASZ architetti \u00e8 diventato lo standard nel settore, garantendo pieno controllo su tempi, conformit\u00e0 normativa e qualit\u00e0 di esecuzione. [&hellip;]\" \/>\n<meta property=\"og:url\" content=\"https:\/\/aszarchitetti.com\/services\/supervision-of-work\/\" \/>\n<meta property=\"og:site_name\" content=\"ASZarchitetti\" \/>\n<meta property=\"article:modified_time\" content=\"2025-11-08T08:00:49+00:00\" \/>\n<meta property=\"og:image\" content=\"https:\/\/aszarchitetti.com\/wp-content\/uploads\/2025\/08\/Supervision-of-Work-interno.jpg\" \/>\n\t<meta property=\"og:image:width\" content=\"1920\" \/>\n\t<meta property=\"og:image:height\" content=\"590\" \/>\n\t<meta property=\"og:image:type\" content=\"image\/jpeg\" \/>\n<meta name=\"twitter:card\" content=\"summary_large_image\" \/>\n<script type=\"application\/ld+json\" class=\"yoast-schema-graph\">{\"@context\":\"https:\/\/schema.org\",\"@graph\":[{\"@type\":\"WebPage\",\"@id\":\"https:\/\/aszarchitetti.com\/services\/supervision-of-work\/\",\"url\":\"https:\/\/aszarchitetti.com\/services\/supervision-of-work\/\",\"name\":\"Supervisione lavori | ASZarchitetti\",\"isPartOf\":{\"@id\":\"https:\/\/aszarchitetti.com\/#website\"},\"primaryImageOfPage\":{\"@id\":\"https:\/\/aszarchitetti.com\/services\/supervision-of-work\/#primaryimage\"},\"image\":{\"@id\":\"https:\/\/aszarchitetti.com\/services\/supervision-of-work\/#primaryimage\"},\"thumbnailUrl\":\"https:\/\/aszarchitetti.com\/wp-content\/uploads\/2025\/08\/Supervision-of-Work-interno.jpg\",\"datePublished\":\"2024-12-17T13:21:06+00:00\",\"dateModified\":\"2025-11-08T08:00:49+00:00\",\"breadcrumb\":{\"@id\":\"https:\/\/aszarchitetti.com\/services\/supervision-of-work\/#breadcrumb\"},\"inLanguage\":\"it-IT\",\"potentialAction\":[{\"@type\":\"ReadAction\",\"target\":[\"https:\/\/aszarchitetti.com\/services\/supervision-of-work\/\"]}]},{\"@type\":\"ImageObject\",\"inLanguage\":\"it-IT\",\"@id\":\"https:\/\/aszarchitetti.com\/services\/supervision-of-work\/#primaryimage\",\"url\":\"https:\/\/aszarchitetti.com\/wp-content\/uploads\/2025\/08\/Supervision-of-Work-interno.jpg\",\"contentUrl\":\"https:\/\/aszarchitetti.com\/wp-content\/uploads\/2025\/08\/Supervision-of-Work-interno.jpg\",\"width\":1920,\"height\":590},{\"@type\":\"BreadcrumbList\",\"@id\":\"https:\/\/aszarchitetti.com\/services\/supervision-of-work\/#breadcrumb\",\"itemListElement\":[{\"@type\":\"ListItem\",\"position\":1,\"name\":\"Home\",\"item\":\"https:\/\/aszarchitetti.com\/it\/\"},{\"@type\":\"ListItem\",\"position\":2,\"name\":\"Servizi\",\"item\":\"https:\/\/aszarchitetti.com\/it\/servizi\/\"},{\"@type\":\"ListItem\",\"position\":3,\"name\":\"Supervisione lavori\"}]},{\"@type\":\"WebSite\",\"@id\":\"https:\/\/aszarchitetti.com\/#website\",\"url\":\"https:\/\/aszarchitetti.com\/\",\"name\":\"ASZarchitetti\",\"description\":\"Ingegneria e Project Management\",\"potentialAction\":[{\"@type\":\"SearchAction\",\"target\":{\"@type\":\"EntryPoint\",\"urlTemplate\":\"https:\/\/aszarchitetti.com\/?s={search_term_string}\"},\"query-input\":{\"@type\":\"PropertyValueSpecification\",\"valueRequired\":true,\"valueName\":\"search_term_string\"}}],\"inLanguage\":\"it-IT\"}]}<\/script>\n<!-- \/ Yoast SEO plugin. -->","yoast_head_json":{"title":"Supervisione lavori | ASZarchitetti","robots":{"index":"index","follow":"follow","max-snippet":"max-snippet:-1","max-image-preview":"max-image-preview:large","max-video-preview":"max-video-preview:-1"},"canonical":"https:\/\/aszarchitetti.com\/services\/supervision-of-work\/","og_locale":"it_IT","og_type":"article","og_title":"Supervisione lavori | ASZarchitetti","og_description":"[vc_row css_animation=&#8221;fadeInUp&#8221;][vc_column css=&#8221;.vc_custom_1738849517911{margin-bottom: 0px !important;}&#8221;][vc_column_text css=&#8221;&#8221;]La nostra direzione lavori assicura che ogni progetto sia realizzato con precisione e in conformit\u00e0 ai massimi criteri di qualit\u00e0 ed efficienza. Perfezionato in 25 anni di attivit\u00e0, il metodo di ASZ architetti \u00e8 diventato lo standard nel settore, garantendo pieno controllo su tempi, conformit\u00e0 normativa e qualit\u00e0 di esecuzione. [&hellip;]","og_url":"https:\/\/aszarchitetti.com\/services\/supervision-of-work\/","og_site_name":"ASZarchitetti","article_modified_time":"2025-11-08T08:00:49+00:00","og_image":[{"width":1920,"height":590,"url":"https:\/\/aszarchitetti.com\/wp-content\/uploads\/2025\/08\/Supervision-of-Work-interno.jpg","type":"image\/jpeg"}],"twitter_card":"summary_large_image","schema":{"@context":"https:\/\/schema.org","@graph":[{"@type":"WebPage","@id":"https:\/\/aszarchitetti.com\/services\/supervision-of-work\/","url":"https:\/\/aszarchitetti.com\/services\/supervision-of-work\/","name":"Supervisione lavori | ASZarchitetti","isPartOf":{"@id":"https:\/\/aszarchitetti.com\/#website"},"primaryImageOfPage":{"@id":"https:\/\/aszarchitetti.com\/services\/supervision-of-work\/#primaryimage"},"image":{"@id":"https:\/\/aszarchitetti.com\/services\/supervision-of-work\/#primaryimage"},"thumbnailUrl":"https:\/\/aszarchitetti.com\/wp-content\/uploads\/2025\/08\/Supervision-of-Work-interno.jpg","datePublished":"2024-12-17T13:21:06+00:00","dateModified":"2025-11-08T08:00:49+00:00","breadcrumb":{"@id":"https:\/\/aszarchitetti.com\/services\/supervision-of-work\/#breadcrumb"},"inLanguage":"it-IT","potentialAction":[{"@type":"ReadAction","target":["https:\/\/aszarchitetti.com\/services\/supervision-of-work\/"]}]},{"@type":"ImageObject","inLanguage":"it-IT","@id":"https:\/\/aszarchitetti.com\/services\/supervision-of-work\/#primaryimage","url":"https:\/\/aszarchitetti.com\/wp-content\/uploads\/2025\/08\/Supervision-of-Work-interno.jpg","contentUrl":"https:\/\/aszarchitetti.com\/wp-content\/uploads\/2025\/08\/Supervision-of-Work-interno.jpg","width":1920,"height":590},{"@type":"BreadcrumbList","@id":"https:\/\/aszarchitetti.com\/services\/supervision-of-work\/#breadcrumb","itemListElement":[{"@type":"ListItem","position":1,"name":"Home","item":"https:\/\/aszarchitetti.com\/it\/"},{"@type":"ListItem","position":2,"name":"Servizi","item":"https:\/\/aszarchitetti.com\/it\/servizi\/"},{"@type":"ListItem","position":3,"name":"Supervisione lavori"}]},{"@type":"WebSite","@id":"https:\/\/aszarchitetti.com\/#website","url":"https:\/\/aszarchitetti.com\/","name":"ASZarchitetti","description":"Ingegneria e Project Management","potentialAction":[{"@type":"SearchAction","target":{"@type":"EntryPoint","urlTemplate":"https:\/\/aszarchitetti.com\/?s={search_term_string}"},"query-input":{"@type":"PropertyValueSpecification","valueRequired":true,"valueName":"search_term_string"}}],"inLanguage":"it-IT"}]}},"_links":{"self":[{"href":"https:\/\/aszarchitetti.com\/it\/wp-json\/wp\/v2\/pages\/252","targetHints":{"allow":["GET"]}}],"collection":[{"href":"https:\/\/aszarchitetti.com\/it\/wp-json\/wp\/v2\/pages"}],"about":[{"href":"https:\/\/aszarchitetti.com\/it\/wp-json\/wp\/v2\/types\/page"}],"author":[{"embeddable":true,"href":"https:\/\/aszarchitetti.com\/it\/wp-json\/wp\/v2\/users\/1"}],"replies":[{"embeddable":true,"href":"https:\/\/aszarchitetti.com\/it\/wp-json\/wp\/v2\/comments?post=252"}],"version-history":[{"count":17,"href":"https:\/\/aszarchitetti.com\/it\/wp-json\/wp\/v2\/pages\/252\/revisions"}],"predecessor-version":[{"id":3409,"href":"https:\/\/aszarchitetti.com\/it\/wp-json\/wp\/v2\/pages\/252\/revisions\/3409"}],"up":[{"embeddable":true,"href":"https:\/\/aszarchitetti.com\/it\/wp-json\/wp\/v2\/pages\/2"}],"wp:featuredmedia":[{"embeddable":true,"href":"https:\/\/aszarchitetti.com\/it\/wp-json\/wp\/v2\/media\/1805"}],"wp:attachment":[{"href":"https:\/\/aszarchitetti.com\/it\/wp-json\/wp\/v2\/media?parent=252"}],"curies":[{"name":"wp","href":"https:\/\/api.w.org\/{rel}","templated":true}]}}