{"id":260,"date":"2024-12-17T14:23:35","date_gmt":"2024-12-17T13:23:35","guid":{"rendered":"https:\/\/aszarchitetti.com\/?page_id=260"},"modified":"2025-10-29T11:28:26","modified_gmt":"2025-10-29T10:28:26","slug":"commerciali","status":"publish","type":"page","link":"https:\/\/aszarchitetti.com\/it\/portfolio\/architettura\/commerciali\/","title":{"rendered":"Progetti Commerciali"},"content":{"rendered":"<div class=\"wpb-content-wrapper\"><p>[vc_row full_width=&#8221;stretch_row&#8221; css_animation=&#8221;fadeInUp&#8221;][vc_column width=&#8221;1\/2&#8243; css=&#8221;.vc_custom_1738849517911{margin-bottom: 0px !important;}&#8221;][vc_column_text css=&#8221;&#8221;]ASZ Architetti \u00e8 anche esperta nel settore commerciale.<\/p>\n<p>Se \u00e9 vero che in questo comparto la funzionalit\u00e0 \u00e9 cruciale per l\u2019efficienza lavorativa, \u00e9 anche vero che esperienza utente e impatto estetico sono del pari importanti.<\/p>\n<p>Il nostro impegno \u00e9 che il progetto sia eseguito in tutti i suoi dettagli, anche in contesti complessi, dove occorre coniugare innovazione e tradizione.[\/vc_column_text][\/vc_column][vc_column width=&#8221;1\/2&#8243;][vc_column_text css=&#8221;&#8221;]Che si tratti di spazi ufficio o luoghi pubblici, ASZ architetti gestisce l\u2019intero processo edilizio, per garantire fedelta al progetto, rispetto delle tempistiche, del budget, degli standard qualitativi e normativi.[\/vc_column_text][\/vc_column][\/vc_row][vc_row equal_height=&#8221;yes&#8221; content_placement=&#8221;top&#8221; css_animation=&#8221;fadeInUp&#8221; css=&#8221;.vc_custom_1758547610185{margin-top: 50px !important;}&#8221;][vc_column][vc_basic_grid post_type=&#8221;post&#8221; max_items=&#8221;10&#8243; element_width=&#8221;6&#8243; gap=&#8221;15&#8243; item=&#8221;503&#8243; css=&#8221;&#8221; grid_id=&#8221;vc_gid:1761733663843-0196aeb1b0fb3550b804b5cdfbd28c38-1&#8243; el_class=&#8221;portfolio&#8221; taxonomies=&#8221;16&#8243;][\/vc_column][\/vc_row]<\/p>\n<\/div>","protected":false},"excerpt":{"rendered":"<p>[vc_row full_width=&#8221;stretch_row&#8221; css_animation=&#8221;fadeInUp&#8221;][vc_column width=&#8221;1\/2&#8243; css=&#8221;.vc_custom_1738849517911{margin-bottom: 0px !important;}&#8221;][vc_column_text css=&#8221;&#8221;]ASZ Architetti \u00e8 anche esperta nel settore commerciale. Se \u00e9 vero che in questo comparto la funzionalit\u00e0 \u00e9 cruciale per l\u2019efficienza lavorativa, \u00e9 anche vero che esperienza utente e impatto estetico sono del pari importanti. Il nostro impegno \u00e9 che il progetto sia eseguito in tutti i suoi [&hellip;]<\/p>\n","protected":false},"author":1,"featured_media":2146,"parent":288,"menu_order":18,"comment_status":"closed","ping_status":"closed","template":"page-templates\/sezione.php","meta":{"_acf_changed":false,"footnotes":""},"class_list":["post-260","page","type-page","status-publish","has-post-thumbnail","hentry"],"acf":[],"yoast_head":"<!-- This site is optimized with the Yoast SEO plugin v26.4 - https:\/\/yoast.com\/wordpress\/plugins\/seo\/ -->\n<title>Progetti Commerciali | ASZarchitetti<\/title>\n<meta name=\"robots\" content=\"index, follow, max-snippet:-1, max-image-preview:large, max-video-preview:-1\" \/>\n<link rel=\"canonical\" href=\"https:\/\/aszarchitetti.com\/portfolio\/architecture\/commercial\/\" \/>\n<meta property=\"og:locale\" content=\"it_IT\" \/>\n<meta property=\"og:type\" content=\"article\" \/>\n<meta property=\"og:title\" content=\"Progetti Commerciali | ASZarchitetti\" \/>\n<meta property=\"og:description\" content=\"[vc_row full_width=&#8221;stretch_row&#8221; css_animation=&#8221;fadeInUp&#8221;][vc_column width=&#8221;1\/2&#8243; css=&#8221;.vc_custom_1738849517911{margin-bottom: 0px !important;}&#8221;][vc_column_text css=&#8221;&#8221;]ASZ Architetti \u00e8 anche esperta nel settore commerciale. Se \u00e9 vero che in questo comparto la funzionalit\u00e0 \u00e9 cruciale per l\u2019efficienza lavorativa, \u00e9 anche vero che esperienza utente e impatto estetico sono del pari importanti. Il nostro impegno \u00e9 che il progetto sia eseguito in tutti i suoi [&hellip;]\" \/>\n<meta property=\"og:url\" content=\"https:\/\/aszarchitetti.com\/portfolio\/architecture\/commercial\/\" \/>\n<meta property=\"og:site_name\" content=\"ASZarchitetti\" \/>\n<meta property=\"article:modified_time\" content=\"2025-10-29T10:28:26+00:00\" \/>\n<meta property=\"og:image\" content=\"https:\/\/aszarchitetti.com\/wp-content\/uploads\/2025\/08\/Mail-Attachment.jpeg\" \/>\n\t<meta property=\"og:image:width\" content=\"1907\" \/>\n\t<meta property=\"og:image:height\" content=\"854\" \/>\n\t<meta property=\"og:image:type\" content=\"image\/jpeg\" \/>\n<meta name=\"twitter:card\" content=\"summary_large_image\" \/>\n<script type=\"application\/ld+json\" class=\"yoast-schema-graph\">{\"@context\":\"https:\/\/schema.org\",\"@graph\":[{\"@type\":\"WebPage\",\"@id\":\"https:\/\/aszarchitetti.com\/portfolio\/architecture\/commercial\/\",\"url\":\"https:\/\/aszarchitetti.com\/portfolio\/architecture\/commercial\/\",\"name\":\"Progetti Commerciali | ASZarchitetti\",\"isPartOf\":{\"@id\":\"https:\/\/aszarchitetti.com\/#website\"},\"primaryImageOfPage\":{\"@id\":\"https:\/\/aszarchitetti.com\/portfolio\/architecture\/commercial\/#primaryimage\"},\"image\":{\"@id\":\"https:\/\/aszarchitetti.com\/portfolio\/architecture\/commercial\/#primaryimage\"},\"thumbnailUrl\":\"https:\/\/aszarchitetti.com\/wp-content\/uploads\/2025\/08\/Mail-Attachment.jpeg\",\"datePublished\":\"2024-12-17T13:23:35+00:00\",\"dateModified\":\"2025-10-29T10:28:26+00:00\",\"breadcrumb\":{\"@id\":\"https:\/\/aszarchitetti.com\/portfolio\/architecture\/commercial\/#breadcrumb\"},\"inLanguage\":\"it-IT\",\"potentialAction\":[{\"@type\":\"ReadAction\",\"target\":[\"https:\/\/aszarchitetti.com\/portfolio\/architecture\/commercial\/\"]}]},{\"@type\":\"ImageObject\",\"inLanguage\":\"it-IT\",\"@id\":\"https:\/\/aszarchitetti.com\/portfolio\/architecture\/commercial\/#primaryimage\",\"url\":\"https:\/\/aszarchitetti.com\/wp-content\/uploads\/2025\/08\/Mail-Attachment.jpeg\",\"contentUrl\":\"https:\/\/aszarchitetti.com\/wp-content\/uploads\/2025\/08\/Mail-Attachment.jpeg\",\"width\":1907,\"height\":854,\"caption\":\"commercial project\"},{\"@type\":\"BreadcrumbList\",\"@id\":\"https:\/\/aszarchitetti.com\/portfolio\/architecture\/commercial\/#breadcrumb\",\"itemListElement\":[{\"@type\":\"ListItem\",\"position\":1,\"name\":\"Home\",\"item\":\"https:\/\/aszarchitetti.com\/it\/\"},{\"@type\":\"ListItem\",\"position\":2,\"name\":\"Portfolio\",\"item\":\"https:\/\/aszarchitetti.com\/it\/portfolio\/\"},{\"@type\":\"ListItem\",\"position\":3,\"name\":\"Architettura\",\"item\":\"https:\/\/aszarchitetti.com\/portfolio\/architecture\/\"},{\"@type\":\"ListItem\",\"position\":4,\"name\":\"Progetti Commerciali\"}]},{\"@type\":\"WebSite\",\"@id\":\"https:\/\/aszarchitetti.com\/#website\",\"url\":\"https:\/\/aszarchitetti.com\/\",\"name\":\"ASZarchitetti\",\"description\":\"Ingegneria e Project Management\",\"potentialAction\":[{\"@type\":\"SearchAction\",\"target\":{\"@type\":\"EntryPoint\",\"urlTemplate\":\"https:\/\/aszarchitetti.com\/?s={search_term_string}\"},\"query-input\":{\"@type\":\"PropertyValueSpecification\",\"valueRequired\":true,\"valueName\":\"search_term_string\"}}],\"inLanguage\":\"it-IT\"}]}<\/script>\n<!-- \/ Yoast SEO plugin. -->","yoast_head_json":{"title":"Progetti Commerciali | ASZarchitetti","robots":{"index":"index","follow":"follow","max-snippet":"max-snippet:-1","max-image-preview":"max-image-preview:large","max-video-preview":"max-video-preview:-1"},"canonical":"https:\/\/aszarchitetti.com\/portfolio\/architecture\/commercial\/","og_locale":"it_IT","og_type":"article","og_title":"Progetti Commerciali | ASZarchitetti","og_description":"[vc_row full_width=&#8221;stretch_row&#8221; css_animation=&#8221;fadeInUp&#8221;][vc_column width=&#8221;1\/2&#8243; css=&#8221;.vc_custom_1738849517911{margin-bottom: 0px !important;}&#8221;][vc_column_text css=&#8221;&#8221;]ASZ Architetti \u00e8 anche esperta nel settore commerciale. Se \u00e9 vero che in questo comparto la funzionalit\u00e0 \u00e9 cruciale per l\u2019efficienza lavorativa, \u00e9 anche vero che esperienza utente e impatto estetico sono del pari importanti. Il nostro impegno \u00e9 che il progetto sia eseguito in tutti i suoi [&hellip;]","og_url":"https:\/\/aszarchitetti.com\/portfolio\/architecture\/commercial\/","og_site_name":"ASZarchitetti","article_modified_time":"2025-10-29T10:28:26+00:00","og_image":[{"width":1907,"height":854,"url":"https:\/\/aszarchitetti.com\/wp-content\/uploads\/2025\/08\/Mail-Attachment.jpeg","type":"image\/jpeg"}],"twitter_card":"summary_large_image","schema":{"@context":"https:\/\/schema.org","@graph":[{"@type":"WebPage","@id":"https:\/\/aszarchitetti.com\/portfolio\/architecture\/commercial\/","url":"https:\/\/aszarchitetti.com\/portfolio\/architecture\/commercial\/","name":"Progetti Commerciali | ASZarchitetti","isPartOf":{"@id":"https:\/\/aszarchitetti.com\/#website"},"primaryImageOfPage":{"@id":"https:\/\/aszarchitetti.com\/portfolio\/architecture\/commercial\/#primaryimage"},"image":{"@id":"https:\/\/aszarchitetti.com\/portfolio\/architecture\/commercial\/#primaryimage"},"thumbnailUrl":"https:\/\/aszarchitetti.com\/wp-content\/uploads\/2025\/08\/Mail-Attachment.jpeg","datePublished":"2024-12-17T13:23:35+00:00","dateModified":"2025-10-29T10:28:26+00:00","breadcrumb":{"@id":"https:\/\/aszarchitetti.com\/portfolio\/architecture\/commercial\/#breadcrumb"},"inLanguage":"it-IT","potentialAction":[{"@type":"ReadAction","target":["https:\/\/aszarchitetti.com\/portfolio\/architecture\/commercial\/"]}]},{"@type":"ImageObject","inLanguage":"it-IT","@id":"https:\/\/aszarchitetti.com\/portfolio\/architecture\/commercial\/#primaryimage","url":"https:\/\/aszarchitetti.com\/wp-content\/uploads\/2025\/08\/Mail-Attachment.jpeg","contentUrl":"https:\/\/aszarchitetti.com\/wp-content\/uploads\/2025\/08\/Mail-Attachment.jpeg","width":1907,"height":854,"caption":"commercial project"},{"@type":"BreadcrumbList","@id":"https:\/\/aszarchitetti.com\/portfolio\/architecture\/commercial\/#breadcrumb","itemListElement":[{"@type":"ListItem","position":1,"name":"Home","item":"https:\/\/aszarchitetti.com\/it\/"},{"@type":"ListItem","position":2,"name":"Portfolio","item":"https:\/\/aszarchitetti.com\/it\/portfolio\/"},{"@type":"ListItem","position":3,"name":"Architettura","item":"https:\/\/aszarchitetti.com\/portfolio\/architecture\/"},{"@type":"ListItem","position":4,"name":"Progetti Commerciali"}]},{"@type":"WebSite","@id":"https:\/\/aszarchitetti.com\/#website","url":"https:\/\/aszarchitetti.com\/","name":"ASZarchitetti","description":"Ingegneria e Project Management","potentialAction":[{"@type":"SearchAction","target":{"@type":"EntryPoint","urlTemplate":"https:\/\/aszarchitetti.com\/?s={search_term_string}"},"query-input":{"@type":"PropertyValueSpecification","valueRequired":true,"valueName":"search_term_string"}}],"inLanguage":"it-IT"}]}},"_links":{"self":[{"href":"https:\/\/aszarchitetti.com\/it\/wp-json\/wp\/v2\/pages\/260","targetHints":{"allow":["GET"]}}],"collection":[{"href":"https:\/\/aszarchitetti.com\/it\/wp-json\/wp\/v2\/pages"}],"about":[{"href":"https:\/\/aszarchitetti.com\/it\/wp-json\/wp\/v2\/types\/page"}],"author":[{"embeddable":true,"href":"https:\/\/aszarchitetti.com\/it\/wp-json\/wp\/v2\/users\/1"}],"replies":[{"embeddable":true,"href":"https:\/\/aszarchitetti.com\/it\/wp-json\/wp\/v2\/comments?post=260"}],"version-history":[{"count":13,"href":"https:\/\/aszarchitetti.com\/it\/wp-json\/wp\/v2\/pages\/260\/revisions"}],"predecessor-version":[{"id":3174,"href":"https:\/\/aszarchitetti.com\/it\/wp-json\/wp\/v2\/pages\/260\/revisions\/3174"}],"up":[{"embeddable":true,"href":"https:\/\/aszarchitetti.com\/it\/wp-json\/wp\/v2\/pages\/288"}],"wp:featuredmedia":[{"embeddable":true,"href":"https:\/\/aszarchitetti.com\/it\/wp-json\/wp\/v2\/media\/2146"}],"wp:attachment":[{"href":"https:\/\/aszarchitetti.com\/it\/wp-json\/wp\/v2\/media?parent=260"}],"curies":[{"name":"wp","href":"https:\/\/api.w.org\/{rel}","templated":true}]}}