{"id":288,"date":"2024-12-17T15:59:58","date_gmt":"2024-12-17T14:59:58","guid":{"rendered":"https:\/\/aszarchitetti.com\/?page_id=288"},"modified":"2025-11-24T16:25:21","modified_gmt":"2025-11-24T15:25:21","slug":"architettura","status":"publish","type":"page","link":"https:\/\/aszarchitetti.com\/it\/portfolio\/architettura\/","title":{"rendered":"Architettura"},"content":{"rendered":"<div class=\"wpb-content-wrapper\"><p>[vc_row full_width=&#8221;stretch_row&#8221; css_animation=&#8221;fadeInUp&#8221;][vc_column width=&#8221;1\/2&#8243; css=&#8221;.vc_custom_1738849517911{margin-bottom: 0px !important;}&#8221;][vc_column_text css=&#8221;&#8221;]In ASZ Architetti, sappiamo bene che l\u2019architettura non riguarda solo la realizzazione di spazi, ma la creazione di esperienze.<\/p>\n<p>Per questo il nostro impegno \u00e9 sempre di rispettare le indicazioni progettuali, fino ai pi\u00f9 piccoli dettagli, perch\u00e9 per noi \u00e9 importante l\u2019unicit\u00e0 di ogni singolo progetto.[\/vc_column_text][\/vc_column][vc_column css_animation=&#8221;fadeInRight&#8221; width=&#8221;1\/2&#8243;][vc_custom_heading text=&#8221;PROGETTI RESIDENZIALI&#8221; font_container=&#8221;tag:h2|text_align:left|color:%231C447A&#8221; use_theme_fonts=&#8221;yes&#8221; css_animation=&#8221;none&#8221; css=&#8221;.vc_custom_1763997882383{margin-bottom: 0px !important;border-top-width: 1px !important;border-bottom-width: 1px !important;padding-top: 10px !important;padding-bottom: 10px !important;border-top-style: solid !important;border-bottom-style: solid !important;border-color: #1C447A !important;}&#8221; link=&#8221;url:https%3A%2F%2Faszarchitetti.com%2Fit%2Fportfolio%2Farchitettura%2Fresidenziali%2F|title:Residential&#8221; el_class=&#8221;caret-right&#8221;][vc_custom_heading text=&#8221;PROGETTI OSPITALIT\u00c0&#8221; font_container=&#8221;tag:h2|text_align:left|color:%231C447A&#8221; use_theme_fonts=&#8221;yes&#8221; css_animation=&#8221;none&#8221; css=&#8221;.vc_custom_1763997890663{margin-bottom: 0px !important;border-bottom-width: 1px !important;padding-top: 10px !important;padding-bottom: 10px !important;border-bottom-style: solid !important;border-color: #1C447A !important;}&#8221; link=&#8221;url:https%3A%2F%2Faszarchitetti.com%2Fit%2Fportfolio%2Farchitettura%2Fospitalita%2F|title:Residential&#8221; el_class=&#8221;caret-right&#8221;][vc_custom_heading text=&#8221;PROGETTI COMMERCIALI&#8221; font_container=&#8221;tag:h2|text_align:left|color:%231C447A&#8221; use_theme_fonts=&#8221;yes&#8221; css_animation=&#8221;none&#8221; css=&#8221;.vc_custom_1763997897145{margin-bottom: 0px !important;border-bottom-width: 1px !important;padding-top: 10px !important;padding-bottom: 10px !important;border-bottom-style: solid !important;border-color: #1C447A !important;}&#8221; link=&#8221;url:https%3A%2F%2Faszarchitetti.com%2Fit%2Fportfolio%2Farchitettura%2Fcommerciali%2F|title:Residential&#8221; el_class=&#8221;caret-right&#8221;][\/vc_column][\/vc_row]<\/p>\n<\/div>","protected":false},"excerpt":{"rendered":"<p>[vc_row full_width=&#8221;stretch_row&#8221; css_animation=&#8221;fadeInUp&#8221;][vc_column width=&#8221;1\/2&#8243; css=&#8221;.vc_custom_1738849517911{margin-bottom: 0px !important;}&#8221;][vc_column_text css=&#8221;&#8221;]In ASZ Architetti, sappiamo bene che l\u2019architettura non riguarda solo la realizzazione di spazi, ma la creazione di esperienze. Per questo il nostro impegno \u00e9 sempre di rispettare le indicazioni progettuali, fino ai pi\u00f9 piccoli dettagli, perch\u00e9 per noi \u00e9 importante l\u2019unicit\u00e0 di ogni singolo progetto.[\/vc_column_text][\/vc_column][vc_column css_animation=&#8221;fadeInRight&#8221; width=&#8221;1\/2&#8243;][vc_custom_heading [&hellip;]<\/p>\n","protected":false},"author":1,"featured_media":679,"parent":158,"menu_order":15,"comment_status":"closed","ping_status":"closed","template":"page-templates\/sezione.php","meta":{"_acf_changed":false,"footnotes":""},"class_list":["post-288","page","type-page","status-publish","has-post-thumbnail","hentry"],"acf":[],"yoast_head":"<!-- This site is optimized with the Yoast SEO plugin v26.4 - https:\/\/yoast.com\/wordpress\/plugins\/seo\/ -->\n<title>Architettura | ASZarchitetti<\/title>\n<meta name=\"robots\" content=\"index, follow, max-snippet:-1, max-image-preview:large, max-video-preview:-1\" \/>\n<link rel=\"canonical\" href=\"https:\/\/aszarchitetti.com\/portfolio\/architecture\/\" \/>\n<meta property=\"og:locale\" content=\"it_IT\" \/>\n<meta property=\"og:type\" content=\"article\" \/>\n<meta property=\"og:title\" content=\"Architettura | ASZarchitetti\" \/>\n<meta property=\"og:description\" content=\"[vc_row full_width=&#8221;stretch_row&#8221; css_animation=&#8221;fadeInUp&#8221;][vc_column width=&#8221;1\/2&#8243; css=&#8221;.vc_custom_1738849517911{margin-bottom: 0px !important;}&#8221;][vc_column_text css=&#8221;&#8221;]In ASZ Architetti, sappiamo bene che l\u2019architettura non riguarda solo la realizzazione di spazi, ma la creazione di esperienze. Per questo il nostro impegno \u00e9 sempre di rispettare le indicazioni progettuali, fino ai pi\u00f9 piccoli dettagli, perch\u00e9 per noi \u00e9 importante l\u2019unicit\u00e0 di ogni singolo progetto.[\/vc_column_text][\/vc_column][vc_column css_animation=&#8221;fadeInRight&#8221; width=&#8221;1\/2&#8243;][vc_custom_heading [&hellip;]\" \/>\n<meta property=\"og:url\" content=\"https:\/\/aszarchitetti.com\/portfolio\/architecture\/\" \/>\n<meta property=\"og:site_name\" content=\"ASZarchitetti\" \/>\n<meta property=\"article:modified_time\" content=\"2025-11-24T15:25:21+00:00\" \/>\n<meta property=\"og:image\" content=\"https:\/\/aszarchitetti.com\/wp-content\/uploads\/2025\/03\/201027_Compound3_Row_A_.jpg\" \/>\n\t<meta property=\"og:image:width\" content=\"1920\" \/>\n\t<meta property=\"og:image:height\" content=\"748\" \/>\n\t<meta property=\"og:image:type\" content=\"image\/jpeg\" \/>\n<meta name=\"twitter:card\" content=\"summary_large_image\" \/>\n<script type=\"application\/ld+json\" class=\"yoast-schema-graph\">{\"@context\":\"https:\/\/schema.org\",\"@graph\":[{\"@type\":\"WebPage\",\"@id\":\"https:\/\/aszarchitetti.com\/portfolio\/architecture\/\",\"url\":\"https:\/\/aszarchitetti.com\/portfolio\/architecture\/\",\"name\":\"Architettura | ASZarchitetti\",\"isPartOf\":{\"@id\":\"https:\/\/aszarchitetti.com\/#website\"},\"primaryImageOfPage\":{\"@id\":\"https:\/\/aszarchitetti.com\/portfolio\/architecture\/#primaryimage\"},\"image\":{\"@id\":\"https:\/\/aszarchitetti.com\/portfolio\/architecture\/#primaryimage\"},\"thumbnailUrl\":\"https:\/\/aszarchitetti.com\/wp-content\/uploads\/2025\/03\/201027_Compound3_Row_A_.jpg\",\"datePublished\":\"2024-12-17T14:59:58+00:00\",\"dateModified\":\"2025-11-24T15:25:21+00:00\",\"breadcrumb\":{\"@id\":\"https:\/\/aszarchitetti.com\/portfolio\/architecture\/#breadcrumb\"},\"inLanguage\":\"it-IT\",\"potentialAction\":[{\"@type\":\"ReadAction\",\"target\":[\"https:\/\/aszarchitetti.com\/portfolio\/architecture\/\"]}]},{\"@type\":\"ImageObject\",\"inLanguage\":\"it-IT\",\"@id\":\"https:\/\/aszarchitetti.com\/portfolio\/architecture\/#primaryimage\",\"url\":\"https:\/\/aszarchitetti.com\/wp-content\/uploads\/2025\/03\/201027_Compound3_Row_A_.jpg\",\"contentUrl\":\"https:\/\/aszarchitetti.com\/wp-content\/uploads\/2025\/03\/201027_Compound3_Row_A_.jpg\",\"width\":1920,\"height\":748},{\"@type\":\"BreadcrumbList\",\"@id\":\"https:\/\/aszarchitetti.com\/portfolio\/architecture\/#breadcrumb\",\"itemListElement\":[{\"@type\":\"ListItem\",\"position\":1,\"name\":\"Home\",\"item\":\"https:\/\/aszarchitetti.com\/it\/\"},{\"@type\":\"ListItem\",\"position\":2,\"name\":\"Portfolio\",\"item\":\"https:\/\/aszarchitetti.com\/it\/portfolio\/\"},{\"@type\":\"ListItem\",\"position\":3,\"name\":\"Architettura\"}]},{\"@type\":\"WebSite\",\"@id\":\"https:\/\/aszarchitetti.com\/#website\",\"url\":\"https:\/\/aszarchitetti.com\/\",\"name\":\"ASZarchitetti\",\"description\":\"Ingegneria e Project Management\",\"potentialAction\":[{\"@type\":\"SearchAction\",\"target\":{\"@type\":\"EntryPoint\",\"urlTemplate\":\"https:\/\/aszarchitetti.com\/?s={search_term_string}\"},\"query-input\":{\"@type\":\"PropertyValueSpecification\",\"valueRequired\":true,\"valueName\":\"search_term_string\"}}],\"inLanguage\":\"it-IT\"}]}<\/script>\n<!-- \/ Yoast SEO plugin. -->","yoast_head_json":{"title":"Architettura | ASZarchitetti","robots":{"index":"index","follow":"follow","max-snippet":"max-snippet:-1","max-image-preview":"max-image-preview:large","max-video-preview":"max-video-preview:-1"},"canonical":"https:\/\/aszarchitetti.com\/portfolio\/architecture\/","og_locale":"it_IT","og_type":"article","og_title":"Architettura | ASZarchitetti","og_description":"[vc_row full_width=&#8221;stretch_row&#8221; css_animation=&#8221;fadeInUp&#8221;][vc_column width=&#8221;1\/2&#8243; css=&#8221;.vc_custom_1738849517911{margin-bottom: 0px !important;}&#8221;][vc_column_text css=&#8221;&#8221;]In ASZ Architetti, sappiamo bene che l\u2019architettura non riguarda solo la realizzazione di spazi, ma la creazione di esperienze. Per questo il nostro impegno \u00e9 sempre di rispettare le indicazioni progettuali, fino ai pi\u00f9 piccoli dettagli, perch\u00e9 per noi \u00e9 importante l\u2019unicit\u00e0 di ogni singolo progetto.[\/vc_column_text][\/vc_column][vc_column css_animation=&#8221;fadeInRight&#8221; width=&#8221;1\/2&#8243;][vc_custom_heading [&hellip;]","og_url":"https:\/\/aszarchitetti.com\/portfolio\/architecture\/","og_site_name":"ASZarchitetti","article_modified_time":"2025-11-24T15:25:21+00:00","og_image":[{"width":1920,"height":748,"url":"https:\/\/aszarchitetti.com\/wp-content\/uploads\/2025\/03\/201027_Compound3_Row_A_.jpg","type":"image\/jpeg"}],"twitter_card":"summary_large_image","schema":{"@context":"https:\/\/schema.org","@graph":[{"@type":"WebPage","@id":"https:\/\/aszarchitetti.com\/portfolio\/architecture\/","url":"https:\/\/aszarchitetti.com\/portfolio\/architecture\/","name":"Architettura | ASZarchitetti","isPartOf":{"@id":"https:\/\/aszarchitetti.com\/#website"},"primaryImageOfPage":{"@id":"https:\/\/aszarchitetti.com\/portfolio\/architecture\/#primaryimage"},"image":{"@id":"https:\/\/aszarchitetti.com\/portfolio\/architecture\/#primaryimage"},"thumbnailUrl":"https:\/\/aszarchitetti.com\/wp-content\/uploads\/2025\/03\/201027_Compound3_Row_A_.jpg","datePublished":"2024-12-17T14:59:58+00:00","dateModified":"2025-11-24T15:25:21+00:00","breadcrumb":{"@id":"https:\/\/aszarchitetti.com\/portfolio\/architecture\/#breadcrumb"},"inLanguage":"it-IT","potentialAction":[{"@type":"ReadAction","target":["https:\/\/aszarchitetti.com\/portfolio\/architecture\/"]}]},{"@type":"ImageObject","inLanguage":"it-IT","@id":"https:\/\/aszarchitetti.com\/portfolio\/architecture\/#primaryimage","url":"https:\/\/aszarchitetti.com\/wp-content\/uploads\/2025\/03\/201027_Compound3_Row_A_.jpg","contentUrl":"https:\/\/aszarchitetti.com\/wp-content\/uploads\/2025\/03\/201027_Compound3_Row_A_.jpg","width":1920,"height":748},{"@type":"BreadcrumbList","@id":"https:\/\/aszarchitetti.com\/portfolio\/architecture\/#breadcrumb","itemListElement":[{"@type":"ListItem","position":1,"name":"Home","item":"https:\/\/aszarchitetti.com\/it\/"},{"@type":"ListItem","position":2,"name":"Portfolio","item":"https:\/\/aszarchitetti.com\/it\/portfolio\/"},{"@type":"ListItem","position":3,"name":"Architettura"}]},{"@type":"WebSite","@id":"https:\/\/aszarchitetti.com\/#website","url":"https:\/\/aszarchitetti.com\/","name":"ASZarchitetti","description":"Ingegneria e Project Management","potentialAction":[{"@type":"SearchAction","target":{"@type":"EntryPoint","urlTemplate":"https:\/\/aszarchitetti.com\/?s={search_term_string}"},"query-input":{"@type":"PropertyValueSpecification","valueRequired":true,"valueName":"search_term_string"}}],"inLanguage":"it-IT"}]}},"_links":{"self":[{"href":"https:\/\/aszarchitetti.com\/it\/wp-json\/wp\/v2\/pages\/288","targetHints":{"allow":["GET"]}}],"collection":[{"href":"https:\/\/aszarchitetti.com\/it\/wp-json\/wp\/v2\/pages"}],"about":[{"href":"https:\/\/aszarchitetti.com\/it\/wp-json\/wp\/v2\/types\/page"}],"author":[{"embeddable":true,"href":"https:\/\/aszarchitetti.com\/it\/wp-json\/wp\/v2\/users\/1"}],"replies":[{"embeddable":true,"href":"https:\/\/aszarchitetti.com\/it\/wp-json\/wp\/v2\/comments?post=288"}],"version-history":[{"count":32,"href":"https:\/\/aszarchitetti.com\/it\/wp-json\/wp\/v2\/pages\/288\/revisions"}],"predecessor-version":[{"id":3493,"href":"https:\/\/aszarchitetti.com\/it\/wp-json\/wp\/v2\/pages\/288\/revisions\/3493"}],"up":[{"embeddable":true,"href":"https:\/\/aszarchitetti.com\/it\/wp-json\/wp\/v2\/pages\/158"}],"wp:featuredmedia":[{"embeddable":true,"href":"https:\/\/aszarchitetti.com\/it\/wp-json\/wp\/v2\/media\/679"}],"wp:attachment":[{"href":"https:\/\/aszarchitetti.com\/it\/wp-json\/wp\/v2\/media?parent=288"}],"curies":[{"name":"wp","href":"https:\/\/api.w.org\/{rel}","templated":true}]}}